{"id":7701,"date":"2024-05-13T20:45:32","date_gmt":"2024-05-13T20:45:32","guid":{"rendered":"https:\/\/www.calian.com\/space\/conditions-generales-du-fournisseur\/"},"modified":"2024-07-10T18:34:31","modified_gmt":"2024-07-10T18:34:31","slug":"supplier-terms-and-conditions","status":"publish","type":"page","link":"https:\/\/www.calian.com\/space\/fr\/supplier-terms-and-conditions\/","title":{"rendered":"Conditions g\u00e9n\u00e9rales du fournisseur"},"content":{"rendered":"\n<div class=\"tbk-hydrate-component\" data-cid=\"25ad350e-ab8a-4fa6-aed2-6408e2c88545\" data-component=\"Hero\"><section class=\"calian-hero d-flex h-100 position-relative overflow-hidden nav-indent wp-block-calian-com-components-calian-hero media-position-wallpaper overlay-themed\"><div class=\"container\"><div class=\"row\"><div class=\"calian-hero__content d-flex col-lg flex-column pb-3 justify-content-center mx-auto h-100 has-breadcrumbs text-center\"><div class=\"calian-hero__copy-wrapper\"><h1 class=\"calian-hero__heading text-white\">Conditions g\u00e9n\u00e9rales des fournisseurs de Calian Technologies avanc\u00e9es<\/h1><div class=\"calian-hero__text text-white mt-2 mb-4\"><br><\/div><\/div><div class=\"calian-hero__breadcrumbs mt-auto mb-0 pt-5 text-white\"><nav aria-label=\"breadcrumb\" class=\"breadcrumb-container\"><ol class=\"breadcrumb\"><li class=\"breadcrumb-item\"><a href=\"https:\/\/www.calian.com\" class=\"breadcrumb-item-link\">Home<\/a><\/li><li class=\"breadcrumb-item\"><a href=\"https:\/\/www.calian.com\/#\" class=\"breadcrumb-item-link\">Business Unit<\/a><\/li><li class=\"breadcrumb-item\" aria-current=\"page\">Page Title<\/li><\/ol><\/nav><\/div><\/div><div class=\"calian-hero__media col-md w-100 h-100 media-style-wallpaper position-absolute opacity-25 top-0 start-0 p-0\"><div class=\"media-wrapper ml-auto mr-0 w-100 h-100\"><div class=\"advanced-image w-100 h-100\"><img loading=\"lazy\" decoding=\"async\" src=\"https:\/\/sites.calian.com\/app\/uploads\/sites\/8\/2024\/05\/iStock-1359773718-1024x576.jpg\" alt=\"Abstract image of blue light streaks zooming through a dark background, creating a sense of high speed and futuristic motion.\" width=\"1024\" height=\"576\" class=\"calian-hero__image\"\/><\/div><\/div><\/div><\/div><\/div><div class=\"calian-hero__overlay overlay-themed position-absolute w-100 h-100 top-0 start-0 has-image\"><\/div><span><\/span><\/section><\/div>\n\n\n\n<div class=\"tbk-hydrate-component\" data-cid=\"2f37d280-acf0-4730-b233-d3499855324a\" data-component=\"Spacer\"><div class=\"calian-spacer wp-block-calian-com-components-calian-spacer\"><\/div><\/div>\n\n\n\n<div class=\"tbk-hydrate-component\" data-cid=\"60e72dfb-6656-4032-9268-c37ae70a4439\" data-component=\"Container\"><div class=\"container wp-block-tbk-components-container\" style=\"background-position:center;background-size:cover\"><div>\n<p class=\"has-text-align-center\">Calian Ltd. ou son affili\u00e9 et\/ou sa filiale, selon le cas (\u00ab l&#8217;acheteur \u00bb ou \u00ab Calian \u00bb), demande au fournisseur (\u00ab le vendeur \u00bb) de fournir \u00e0 l&#8217;acheteur certains produits, biens, articles, mat\u00e9riaux et\/ou services (collectivement les \u00ab travaux \u00bb) sp\u00e9cifi\u00e9s dans le(s) bon(s) de commande de l&#8217;acheteur ou dans tout document ou accord similaire incorporant les pr\u00e9sentes conditions g\u00e9n\u00e9rales (les \u00ab conditions g\u00e9n\u00e9rales \u00bb) (chacun d&#8217;eux \u00e9tant d\u00e9sign\u00e9 ci-apr\u00e8s comme le \u00ab bon de commande \u00bb) et le vendeur accepte de fournir les travaux sous r\u00e9serve des pr\u00e9sentes conditions g\u00e9n\u00e9rales.<\/p>\n\n\n\n<div class=\"tbk-hydrate-component\" data-cid=\"c4a006c9-1a05-440f-b093-f29f8a31a0e3\" data-component=\"CTABar\"><div class=\"calian-cta-bar theme-dark wp-block-calian-com-components-calian-cta-bar\"><div class=\"calian-cta-bar__container container-fluid\"><div class=\"calian-cta-bar__horizontal container-fluid\"><div class=\"row\"><div class=\"calian-cta-bar__horizontal--left col-12 col-lg-3 col-xl-2\"><div class=\"calian-cta-bar__horizontal--logo\"><img loading=\"lazy\" decoding=\"async\" src=\"https:\/\/sites.calian.com\/app\/dist\/CalianCTABar-PlaceholderTwo-SXFFARGP.png\" alt=\"\" width=\"180\" height=\"65\" class=\"w-100 h-auto\"\/><\/div><\/div><div class=\"calian-cta-bar__horizontal--center col-12 col-lg-6 col-xl-7\"><div class=\"calian-cta-bar__horizontal--text\"><p>Conditions d&#x27;utilisation<\/p><\/div><\/div><div class=\"calian-cta-bar__horizontal--right col-12 col-lg-3 col-xl-3\"><div class=\"calian-cta-bar__horizontal--button\"><a href=\"https:\/\/sites.calian.com\/app\/uploads\/sites\/8\/2024\/05\/Calian-Online-Supplier-Terms-2025.pdf\" class=\"btn\" target=\"_blank\" rel=\"noreferrer noopener\">T\u00e9l\u00e9charger<\/a><\/div><\/div><\/div><\/div><\/div><\/div><\/div>\n<\/div><\/div><\/div>\n\n\n\n<div class=\"tbk-hydrate-component\" data-cid=\"8dbed870-c79c-4605-8035-eebde4225680\" data-component=\"Spacer\"><div class=\"calian-spacer wp-block-calian-com-components-calian-spacer\"><\/div><\/div>\n","protected":false},"excerpt":{"rendered":"<p>Conditions g\u00e9n\u00e9rales des fournisseurs de Calian Technologies avanc\u00e9es  <\/p>\n<li class=\"breadcrumb-item\"> <a href=\"https:\/\/www.calian.com\" class=\"breadcrumb-item-link\"> Home <\/a> <\/li>\n<li class=\"breadcrumb-item\"> <a href=\"https:\/\/www.calian.com\/#\" class=\"breadcrumb-item-link\"> Business Unit <\/a> <\/li>\n<li class=\"breadcrumb-item\" aria-current=\"page\"> Page Title <\/li>\n<p class=\"has-text-align-center\"> Calian Ltd. ou son affili\u00e9 et\/ou sa filiale, selon le cas (\u00ab l&#8217;acheteur \u00bb ou \u00ab Calian \u00bb), demande au fournisseur (\u00ab le vendeur \u00bb) de &hellip;<\/p>\n","protected":false},"author":2,"featured_media":0,"parent":0,"menu_order":64,"comment_status":"closed","ping_status":"closed","template":"","meta":{"_acf_changed":false,"content-type":"","footnotes":""},"solution":[],"industry":[],"type_classification":[],"class_list":["post-7701","page","type-page","status-publish","hentry"],"acf":[],"yoast_head":"<!-- This site is optimized with the Yoast SEO plugin v26.4 - https:\/\/yoast.com\/wordpress\/plugins\/seo\/ -->\n<title>Conditions g\u00e9n\u00e9rales du fournisseur - Space | Calian<\/title>\n<meta name=\"robots\" content=\"index, follow, max-snippet:-1, max-image-preview:large, max-video-preview:-1\" \/>\n<link rel=\"canonical\" href=\"https:\/\/www.calian.com\/space\/fr\/supplier-terms-and-conditions\/\" \/>\n<meta property=\"og:locale\" content=\"fr_FR\" \/>\n<meta property=\"og:type\" content=\"article\" \/>\n<meta property=\"og:title\" content=\"Conditions g\u00e9n\u00e9rales du fournisseur - Space | Calian\" \/>\n<meta property=\"og:description\" content=\"Conditions g\u00e9n\u00e9rales des fournisseurs de Calian Technologies avanc\u00e9es  Home   Business Unit  Page Title  Calian Ltd. ou son affili\u00e9 et\/ou sa filiale, selon le cas (\u00ab l&#8217;acheteur \u00bb ou \u00ab Calian \u00bb), demande au fournisseur (\u00ab le vendeur \u00bb) de &hellip;\" \/>\n<meta property=\"og:url\" content=\"https:\/\/www.calian.com\/space\/fr\/supplier-terms-and-conditions\/\" \/>\n<meta property=\"og:site_name\" content=\"Calian Space\" \/>\n<meta property=\"article:modified_time\" content=\"2024-07-10T18:34:31+00:00\" \/>\n<meta property=\"og:image\" content=\"https:\/\/sites.calian.com\/app\/uploads\/sites\/8\/2024\/05\/iStock-1359773718-1024x576.jpg\" \/>\n<meta name=\"twitter:card\" content=\"summary_large_image\" \/>\n<meta name=\"twitter:label1\" content=\"Est. reading time\" \/>\n\t<meta name=\"twitter:data1\" content=\"1 minute\" \/>\n<script type=\"application\/ld+json\" class=\"yoast-schema-graph\">{\"@context\":\"https:\/\/schema.org\",\"@graph\":[{\"@type\":\"WebPage\",\"@id\":\"https:\/\/www.calian.com\/space\/fr\/supplier-terms-and-conditions\/\",\"url\":\"https:\/\/www.calian.com\/space\/fr\/supplier-terms-and-conditions\/\",\"name\":\"Conditions g\u00e9n\u00e9rales du fournisseur - Space | Calian\",\"isPartOf\":{\"@id\":\"https:\/\/www.calian.com\/space\/fr\/#website\"},\"primaryImageOfPage\":{\"@id\":\"https:\/\/www.calian.com\/space\/fr\/supplier-terms-and-conditions\/#primaryimage\"},\"image\":{\"@id\":\"https:\/\/www.calian.com\/space\/fr\/supplier-terms-and-conditions\/#primaryimage\"},\"thumbnailUrl\":\"https:\/\/sites.calian.com\/app\/uploads\/sites\/8\/2024\/05\/iStock-1359773718-1024x576.jpg\",\"datePublished\":\"2024-05-13T20:45:32+00:00\",\"dateModified\":\"2024-07-10T18:34:31+00:00\",\"inLanguage\":\"fr-FR\",\"potentialAction\":[{\"@type\":\"ReadAction\",\"target\":[\"https:\/\/www.calian.com\/space\/fr\/supplier-terms-and-conditions\/\"]}]},{\"@type\":\"ImageObject\",\"inLanguage\":\"fr-FR\",\"@id\":\"https:\/\/www.calian.com\/space\/fr\/supplier-terms-and-conditions\/#primaryimage\",\"url\":\"https:\/\/sites.calian.com\/app\/uploads\/sites\/8\/2024\/05\/iStock-1359773718-1024x576.jpg\",\"contentUrl\":\"https:\/\/sites.calian.com\/app\/uploads\/sites\/8\/2024\/05\/iStock-1359773718-1024x576.jpg\"},{\"@type\":\"WebSite\",\"@id\":\"https:\/\/www.calian.com\/space\/fr\/#website\",\"url\":\"https:\/\/www.calian.com\/space\/fr\/\",\"name\":\"Calian Space\",\"description\":\"\",\"potentialAction\":[{\"@type\":\"SearchAction\",\"target\":{\"@type\":\"EntryPoint\",\"urlTemplate\":\"https:\/\/www.calian.com\/space\/fr\/?s={search_term_string}\"},\"query-input\":{\"@type\":\"PropertyValueSpecification\",\"valueRequired\":true,\"valueName\":\"search_term_string\"}}],\"inLanguage\":\"fr-FR\"}]}<\/script>\n<!-- \/ Yoast SEO plugin. -->","yoast_head_json":{"title":"Conditions g\u00e9n\u00e9rales du fournisseur - Space | Calian","robots":{"index":"index","follow":"follow","max-snippet":"max-snippet:-1","max-image-preview":"max-image-preview:large","max-video-preview":"max-video-preview:-1"},"canonical":"https:\/\/www.calian.com\/space\/fr\/supplier-terms-and-conditions\/","og_locale":"fr_FR","og_type":"article","og_title":"Conditions g\u00e9n\u00e9rales du fournisseur - Space | Calian","og_description":"Conditions g\u00e9n\u00e9rales des fournisseurs de Calian Technologies avanc\u00e9es  Home   Business Unit  Page Title  Calian Ltd. ou son affili\u00e9 et\/ou sa filiale, selon le cas (\u00ab l&#8217;acheteur \u00bb ou \u00ab Calian \u00bb), demande au fournisseur (\u00ab le vendeur \u00bb) de &hellip;","og_url":"https:\/\/www.calian.com\/space\/fr\/supplier-terms-and-conditions\/","og_site_name":"Calian Space","article_modified_time":"2024-07-10T18:34:31+00:00","og_image":[{"url":"https:\/\/sites.calian.com\/app\/uploads\/sites\/8\/2024\/05\/iStock-1359773718-1024x576.jpg","type":"","width":"","height":""}],"twitter_card":"summary_large_image","twitter_misc":{"Est. reading time":"1 minute"},"schema":{"@context":"https:\/\/schema.org","@graph":[{"@type":"WebPage","@id":"https:\/\/www.calian.com\/space\/fr\/supplier-terms-and-conditions\/","url":"https:\/\/www.calian.com\/space\/fr\/supplier-terms-and-conditions\/","name":"Conditions g\u00e9n\u00e9rales du fournisseur - Space | Calian","isPartOf":{"@id":"https:\/\/www.calian.com\/space\/fr\/#website"},"primaryImageOfPage":{"@id":"https:\/\/www.calian.com\/space\/fr\/supplier-terms-and-conditions\/#primaryimage"},"image":{"@id":"https:\/\/www.calian.com\/space\/fr\/supplier-terms-and-conditions\/#primaryimage"},"thumbnailUrl":"https:\/\/sites.calian.com\/app\/uploads\/sites\/8\/2024\/05\/iStock-1359773718-1024x576.jpg","datePublished":"2024-05-13T20:45:32+00:00","dateModified":"2024-07-10T18:34:31+00:00","inLanguage":"fr-FR","potentialAction":[{"@type":"ReadAction","target":["https:\/\/www.calian.com\/space\/fr\/supplier-terms-and-conditions\/"]}]},{"@type":"ImageObject","inLanguage":"fr-FR","@id":"https:\/\/www.calian.com\/space\/fr\/supplier-terms-and-conditions\/#primaryimage","url":"https:\/\/sites.calian.com\/app\/uploads\/sites\/8\/2024\/05\/iStock-1359773718-1024x576.jpg","contentUrl":"https:\/\/sites.calian.com\/app\/uploads\/sites\/8\/2024\/05\/iStock-1359773718-1024x576.jpg"},{"@type":"WebSite","@id":"https:\/\/www.calian.com\/space\/fr\/#website","url":"https:\/\/www.calian.com\/space\/fr\/","name":"Calian Space","description":"","potentialAction":[{"@type":"SearchAction","target":{"@type":"EntryPoint","urlTemplate":"https:\/\/www.calian.com\/space\/fr\/?s={search_term_string}"},"query-input":{"@type":"PropertyValueSpecification","valueRequired":true,"valueName":"search_term_string"}}],"inLanguage":"fr-FR"}]}},"_links":{"self":[{"href":"https:\/\/at.calian.com\/fr\/wp-json\/wp\/v2\/pages\/7701","targetHints":{"allow":["GET"]}}],"collection":[{"href":"https:\/\/at.calian.com\/fr\/wp-json\/wp\/v2\/pages"}],"about":[{"href":"https:\/\/at.calian.com\/fr\/wp-json\/wp\/v2\/types\/page"}],"author":[{"embeddable":true,"href":"https:\/\/at.calian.com\/fr\/wp-json\/wp\/v2\/users\/2"}],"replies":[{"embeddable":true,"href":"https:\/\/at.calian.com\/fr\/wp-json\/wp\/v2\/comments?post=7701"}],"version-history":[{"count":6,"href":"https:\/\/at.calian.com\/fr\/wp-json\/wp\/v2\/pages\/7701\/revisions"}],"predecessor-version":[{"id":14961,"href":"https:\/\/at.calian.com\/fr\/wp-json\/wp\/v2\/pages\/7701\/revisions\/14961"}],"wp:attachment":[{"href":"https:\/\/at.calian.com\/fr\/wp-json\/wp\/v2\/media?parent=7701"}],"wp:term":[{"taxonomy":"solution","embeddable":true,"href":"https:\/\/at.calian.com\/fr\/wp-json\/wp\/v2\/solution?post=7701"},{"taxonomy":"industry","embeddable":true,"href":"https:\/\/at.calian.com\/fr\/wp-json\/wp\/v2\/industry?post=7701"},{"taxonomy":"type_classification","embeddable":true,"href":"https:\/\/at.calian.com\/fr\/wp-json\/wp\/v2\/type_classification?post=7701"}],"curies":[{"name":"wp","href":"https:\/\/api.w.org\/{rel}","templated":true}]}}